{"id":33,"date":"2023-07-09T11:26:29","date_gmt":"2023-07-09T14:26:29","guid":{"rendered":"http:\/\/co2legal.aquinoguia.com.br\/?page_id=33"},"modified":"2024-07-14T10:07:07","modified_gmt":"2024-07-14T13:07:07","slug":"compense","status":"publish","type":"page","link":"https:\/\/www.co2legal.org.br\/turismo\/compense\/","title":{"rendered":"Compense"},"content":{"rendered":"<p>[vc_row css_animation=&#8221;&#8221; row_type=&#8221;row&#8221; use_row_as_full_screen_section=&#8221;no&#8221; type=&#8221;grid&#8221; angled_section=&#8221;no&#8221; text_align=&#8221;left&#8221; background_image_as_pattern=&#8221;without_pattern&#8221; z_index=&#8221;&#8221;][vc_column][vc_row_inner row_type=&#8221;row&#8221; type=&#8221;grid&#8221; text_align=&#8221;center&#8221; css_animation=&#8221;&#8221;][vc_column_inner width=&#8221;1\/4&#8243; css=&#8221;.vc_custom_1689524647464{background-color: #008493 !important;}&#8221;][vc_column_text]<\/p>\n<h3 class=\"sppb-addon-title\" style=\"text-align: center;\"><span style=\"color: #ffffff;\">Compense a emiss\u00e3o da viagem no ato da reserva da sua estadia<\/span><\/h3>\n<p>[\/vc_column_text]<span data-type=\"normal\"  class=\"qode_icon_shortcode  q_font_awsome_icon fa-3x  \" style=\"margin: 20px auto; \"><i class=\"qode_icon_font_awesome fa fa-leaf qode_icon_element\" style=\"font-size: 65px;color: #ffffff;\" ><\/i><\/span>[vc_column_text css=&#8221;.vc_custom_1689524711809{padding-top: 25px !important;padding-bottom: 25px !important;}&#8221;]<\/p>\n<p style=\"text-align: center;\"><span style=\"color: #ffffff;\">O valor \u00fanico de $10,00 da sua compensa\u00e7\u00e3o \u00e9 inclu\u00eddo no total da sua reserva!<\/span><\/p>\n<p>[\/vc_column_text][vc_empty_space height=&#8221;20px&#8221;]\n\n\t<a href=\"https:\/\/co2legal.com.br\/destinos-guardioes-do-clima\/\" target=\"_self\" style=\"color: #000000;background-color: #eeee22;font-weight: 400;margin: 0 auto\" class=\"qode-btn qode-btn-medium qode-btn-solid qode-btn-custom-hover-bg qode-btn-custom-hover-color qode-btn-default-hover\" data-hover-bg-color=\"#f9ce22\" data-hover-color=\"#000000\" >\n\t    <span class=\"qode-btn-text\">CONHE\u00c7A AS POUSADAS PARTICIPANTES<\/span>\t<\/a>\n\n[vc_empty_space height=&#8221;20px&#8221;][\/vc_column_inner][vc_column_inner width=&#8221;1\/4&#8243; css=&#8221;.vc_custom_1689524520042{background-color: #62a83d !important;}&#8221;][vc_column_text]<\/p>\n<h3 class=\"sppb-addon-title\" style=\"text-align: center;\"><span style=\"color: #ffffff;\">Voc\u00ea tamb\u00e9m pode compensar a emiss\u00e3o de sua viagem no nosso APP<\/span><\/h3>\n<p>[\/vc_column_text]<span data-type=\"normal\"  class=\"qode_icon_shortcode  q_font_awsome_icon fa-3x pull-center \" style=\"margin: 32px auto 32px; \"><i class=\"qode_icon_font_awesome fa fa-thumbs-up qode_icon_element\" style=\"font-size: 65px;color: #ffffff;\" ><\/i><\/span>[vc_column_text css=&#8221;.vc_custom_1689524728756{padding-top: 25px !important;padding-bottom: 25px !important;}&#8221;]<\/p>\n<div class=\"sppb-col-md-3\">\n<div id=\"column-id-1657051435152\" class=\"sppb-column\">\n<div class=\"sppb-column-addons\">\n<div id=\"sppb-addon-1657051435161\" class=\"clearfix\">\n<div class=\"sppb-addon sppb-addon-text-block 0 sppb-text-center \">\n<div class=\"sppb-addon-content\">\n<p style=\"text-align: center;\"><span style=\"color: #ffffff;\">Calcule a emiss\u00e3o de CO2 e saiba como voc\u00ea pode preservar nossas florestas, fauna e \u00e1guas.<\/span><\/p>\n<\/div>\n<\/div>\n<\/div>\n<\/div>\n<\/div>\n<\/div>\n<div class=\"sppb-col-md-3\">\n<div id=\"column-id-1657051435153\" class=\"sppb-column\">\n<div class=\"sppb-column-addons\">\n<div id=\"sppb-addon-1657051435164\" class=\"clearfix\">\n<div class=\"sppb-addon sppb-addon-text-block 0 sppb-text-center \"><\/div>\n<\/div>\n<\/div>\n<\/div>\n<\/div>\n<p>[\/vc_column_text][vc_empty_space height=&#8221;20px&#8221;]\n\n\t<a href=\"https:\/\/www.co2legal.org.br\/calculadora_co2legal\/index_d.php\" target=\"_blank\" style=\"color: #000000;background-color: #eeee22;font-weight: 400;margin: 0 auto\" class=\"qode-btn qode-btn-medium qode-btn-solid qode-btn-custom-hover-bg qode-btn-custom-hover-color qode-btn-default-hover\" data-hover-bg-color=\"#f9ce22\" data-hover-color=\"#000000\" >\n\t    <span class=\"qode-btn-text\">FA\u00c7A O C\u00c1LCULO<\/span>\t<\/a>\n\n[vc_empty_space height=&#8221;20px&#8221;][\/vc_column_inner][vc_column_inner width=&#8221;1\/4&#8243; css=&#8221;.vc_custom_1689524530525{background-color: #008493 !important;}&#8221;][vc_column_text]<\/p>\n<h3 class=\"sppb-addon-title\" style=\"text-align: center;\"><span style=\"color: #ffffff;\">Cart\u00e3o de Vantagens<\/span><\/h3>\n<p>[\/vc_column_text]<span data-type=\"normal\"  class=\"qode_icon_shortcode  q_font_awsome_icon fa-3x  \" style=\"margin: 41px auto 41px; \"><i class=\"qode_icon_font_awesome fa fa-credit-card qode_icon_element\" style=\"font-size: 65px;color: #ffffff;\" ><\/i><\/span>[vc_column_text css=&#8221;.vc_custom_1689524746125{padding-top: 25px !important;padding-bottom: 25px !important;}&#8221;]<\/p>\n<p style=\"text-align: center;\"><span style=\"color: #ffffff;\">Em Itacar\u00e9 e Serra Grande: turista, empres\u00e1rio e morador tem 5% de desconto na rede de com\u00e9rcio e servi\u00e7os participantes!<\/span><\/p>\n<p>[\/vc_column_text][vc_empty_space height=&#8221;20px&#8221;]\n\n\t<a href=\"https:\/\/co2legal.com.br\/como-eu-ganho\/\" target=\"_self\" style=\"color: #000000;background-color: #eeee22;font-weight: 400;margin: 0 auto\" class=\"qode-btn qode-btn-medium qode-btn-solid qode-btn-custom-hover-bg qode-btn-custom-hover-color qode-btn-default-hover\" data-hover-bg-color=\"#f9ce22\" data-hover-color=\"#000000\" >\n\t    <span class=\"qode-btn-text\">COMO EU GANHO?<\/span>\t<\/a>\n\n[vc_empty_space height=&#8221;20px&#8221;][\/vc_column_inner][vc_column_inner width=&#8221;1\/4&#8243; css=&#8221;.vc_custom_1689524849086{background-color: #62a83d !important;}&#8221;][vc_column_text]<\/p>\n<h3 class=\"sppb-addon-title\" style=\"text-align: center;\"><span style=\"color: #ffffff;\">Rede de descontos<\/span><\/h3>\n<p>[\/vc_column_text]<span data-type=\"normal\"  class=\"qode_icon_shortcode  q_font_awsome_icon fa-3x  \" style=\"margin: 67px auto 67px; \"><i class=\"qode_icon_font_awesome fa fa-list-alt qode_icon_element\" style=\"font-size: 65px;color: #ffffff;\" ><\/i><\/span>[vc_column_text css=&#8221;.vc_custom_1689524762007{padding-top: 25px !important;padding-bottom: 25px !important;}&#8221;]<\/p>\n<p style=\"text-align: center;\"><span style=\"color: #ffffff;\">Confira aqui a lista completa dos estabelecimentos que d\u00e3o desconto.<\/span><\/p>\n<p>[\/vc_column_text][vc_empty_space height=&#8221;20px&#8221;]\n\n\t<a href=\"https:\/\/co2legal.com.br\/destinos-guardioes-do-clima\/\" target=\"_self\" style=\"color: #000000;background-color: #eeee22;font-weight: 400;margin: 0 auto\" class=\"qode-btn qode-btn-medium qode-btn-solid qode-btn-custom-hover-bg qode-btn-custom-hover-color qode-btn-default-hover\" data-hover-bg-color=\"#f9ce22\" data-hover-color=\"#000000\" >\n\t    <span class=\"qode-btn-text\">REDE CREDENCIADA<\/span>\t<\/a>\n\n[vc_empty_space height=&#8221;20px&#8221;][\/vc_column_inner][\/vc_row_inner][vc_empty_space height=&#8221;30px&#8221;][vc_row_inner row_type=&#8221;row&#8221; type=&#8221;full_width&#8221; text_align=&#8221;left&#8221; css_animation=&#8221;&#8221;][vc_column_inner width=&#8221;5\/6&#8243; css=&#8221;.vc_custom_1689523025315{padding-top: 50px !important;padding-bottom: 50px !important;}&#8221;][vc_column_text css=&#8221;.vc_custom_1689525538414{padding-bottom: 50px !important;}&#8221;]<\/p>\n<h3>Que tal ser um Turista CO<sub>2<\/sub>\u00a0Legal, um Guardi\u00e3o do Clima?<\/h3>\n<p>[\/vc_column_text][vc_column_text]O turismo no mundo j\u00e1 \u00e9 respons\u00e1vel por, aproximadamente, 5% das emiss\u00f5es globais de Gases de Efeito Estufa, contribuindo significativamente para o aquecimento global e as mudan\u00e7as clim\u00e1ticas. Os meios de transportes, principalmente a\u00e9reo, s\u00e3o os principais respons\u00e1veis pelas emiss\u00f5es da atividade tur\u00edstica. Ao mesmo tempo, o turismo, de forma geral, tem sido praticado com pouca responsabilidade socioambiental, gerando impactos socioambientais negativos, principalmente nos destinos tur\u00edsticos mais sens\u00edveis, colocando em risco a sustentabilidade destes lugares. Compensando as emiss\u00f5es de Gases de Efeito Estufa das suas viagens voc\u00ea pode colaborar para construir destinos tur\u00edsticos mais justos e sustent\u00e1veis.<\/p>\n<p>Os recursos gerados pelas compensa\u00e7\u00f5es dos turistas e dos neg\u00f3cios locais ligados \u00e0 cadeia produtiva do turismo s\u00e3o destinados \u00e0s a\u00e7\u00f5es socioambientais voltadas \u00e0 compensa\u00e7\u00e3o dessas emiss\u00f5es. Agricultores familiares, pescadores, marisqueiras e catadores da coleta seletiva s\u00e3o transformados em agentes ambientais para atuarem em prol do meio ambiente, conservando e restaurando florestas e manguezais, cuidando dos corais, das praias, dos cursos d&#8217;\u00e1gua, da fauna. Esses agentes ambientais passam a receber, mensalmente, um Pagamento por Servi\u00e7os Ambientais e s\u00e3o capacitados para assumirem o protagonismo na conserva\u00e7\u00e3o ambiental.[\/vc_column_text][\/vc_column_inner][vc_column_inner width=&#8221;1\/6&#8243; css=&#8221;.vc_custom_1689525443021{padding-top: 30px !important;padding-bottom: 30px !important;background-color: #0c7678 !important;}&#8221;][vc_column_text]<\/p>\n<h4 style=\"text-align: center;\"><span style=\"color: #ffffff;\">Baixe o App gratuito, conhe\u00e7a sua pegada e seja protagonista de um mundo melhor.<\/span><\/h4>\n<p>[\/vc_column_text][vc_single_image image=&#8221;8&#8243; img_size=&#8221;full&#8221; alignment=&#8221;center&#8221; onclick=&#8221;custom_link&#8221; img_link_target=&#8221;_blank&#8221; qode_css_animation=&#8221;&#8221; link=&#8221;https:\/\/play.google.com\/store\/apps\/details?id=br.org.mecenasdavida.calculadoraturismoco2legal&#8221;][\/vc_column_inner][\/vc_row_inner][\/vc_column][\/vc_row]<\/p>\n","protected":false},"excerpt":{"rendered":"<p>[vc_row css_animation=&#8221;&#8221; row_type=&#8221;row&#8221; use_row_as_full_screen_section=&#8221;no&#8221; type=&#8221;grid&#8221; angled_section=&#8221;no&#8221; text_align=&#8221;left&#8221; background_image_as_pattern=&#8221;without_pattern&#8221; z_index=&#8221;&#8221;][vc_column][vc_row_inner row_type=&#8221;row&#8221; type=&#8221;grid&#8221; text_align=&#8221;center&#8221; css_animation=&#8221;&#8221;][vc_column_inner width=&#8221;1\/4&#8243; css=&#8221;.vc_custom_1689524647464{background-color: #008493 !important;}&#8221;][vc_column_text] Compense a emiss\u00e3o da viagem no ato da reserva da sua estadia [\/vc_column_text][vc_column_text css=&#8221;.vc_custom_1689524711809{padding-top: 25px !important;padding-bottom: 25px !important;}&#8221;] O valor \u00fanico de $10,00 da sua compensa\u00e7\u00e3o \u00e9 inclu\u00eddo&#8230;<\/p>\n","protected":false},"author":1,"featured_media":0,"parent":0,"menu_order":3,"comment_status":"closed","ping_status":"closed","template":"","meta":{"footnotes":""},"class_list":["post-33","page","type-page","status-publish","hentry"],"_links":{"self":[{"href":"https:\/\/www.co2legal.org.br\/turismo\/wp-json\/wp\/v2\/pages\/33","targetHints":{"allow":["GET"]}}],"collection":[{"href":"https:\/\/www.co2legal.org.br\/turismo\/wp-json\/wp\/v2\/pages"}],"about":[{"href":"https:\/\/www.co2legal.org.br\/turismo\/wp-json\/wp\/v2\/types\/page"}],"author":[{"embeddable":true,"href":"https:\/\/www.co2legal.org.br\/turismo\/wp-json\/wp\/v2\/users\/1"}],"replies":[{"embeddable":true,"href":"https:\/\/www.co2legal.org.br\/turismo\/wp-json\/wp\/v2\/comments?post=33"}],"version-history":[{"count":40,"href":"https:\/\/www.co2legal.org.br\/turismo\/wp-json\/wp\/v2\/pages\/33\/revisions"}],"predecessor-version":[{"id":355,"href":"https:\/\/www.co2legal.org.br\/turismo\/wp-json\/wp\/v2\/pages\/33\/revisions\/355"}],"wp:attachment":[{"href":"https:\/\/www.co2legal.org.br\/turismo\/wp-json\/wp\/v2\/media?parent=33"}],"curies":[{"name":"wp","href":"https:\/\/api.w.org\/{rel}","templated":true}]}}