{"id":31,"date":"2023-07-09T11:25:45","date_gmt":"2023-07-09T14:25:45","guid":{"rendered":"http:\/\/co2legal.aquinoguia.com.br\/?page_id=31"},"modified":"2024-07-15T15:13:49","modified_gmt":"2024-07-15T18:13:49","slug":"serra-grande","status":"publish","type":"page","link":"https:\/\/www.co2legal.org.br\/turismo\/serra-grande\/","title":{"rendered":"Serra Grande"},"content":{"rendered":"<p>[vc_row css_animation=&#8221;&#8221; row_type=&#8221;row&#8221; use_row_as_full_screen_section=&#8221;no&#8221; type=&#8221;grid&#8221; angled_section=&#8221;no&#8221; text_align=&#8221;left&#8221; background_image_as_pattern=&#8221;without_pattern&#8221; z_index=&#8221;&#8221;][vc_column][vc_row_inner row_type=&#8221;row&#8221; type=&#8221;full_width&#8221; text_align=&#8221;left&#8221; css_animation=&#8221;&#8221;][vc_column_inner][vc_column_text css=&#8221;.vc_custom_1689521348178{padding-bottom: 30px !important;}&#8221;]<\/p>\n<h3>Conhe\u00e7a os participantes de Serra Grande que compensam as suas emiss\u00f5es de CO2:<\/h3>\n<p>[\/vc_column_text][\/vc_column_inner][\/vc_row_inner][vc_row_inner row_type=&#8221;row&#8221; type=&#8221;full_width&#8221; text_align=&#8221;left&#8221; css_animation=&#8221;&#8221; css=&#8221;.vc_custom_1689520722139{padding-bottom: 50px !important;}&#8221;][vc_column_inner]<div class=\"q_icon_list\"><i class=\"qode_icon_font_awesome fa fa-heart qode-ili-icon-holder transparent\" style=\"font-size: 15px;color: #8daf02;\" ><\/i><p style=\"font-size: 14px;font-weight: 400;margin-bottom: 25px;\">promovem a conserva\u00e7\u00e3o e regenera\u00e7\u00e3o ambiental;<\/p><\/div><div class=\"q_icon_list\"><i class=\"qode_icon_font_awesome fa fa-heart qode-ili-icon-holder transparent\" style=\"font-size: 15px;color: #8daf02;\" ><\/i><p style=\"font-size: 14px;font-weight: 400;margin-bottom: 25px;\">fortalecem o desenvolvimento socioecon\u00f4mico e a resili\u00eancia das fam\u00edlias de agricultores tradicionais da \u00c1rea de Prote\u00e7\u00e3o Ambiental Costa de Itacar\u00e9\/Serra Grande;<\/p><\/div><div class=\"q_icon_list\"><i class=\"qode_icon_font_awesome fa fa-heart qode-ili-icon-holder transparent\" style=\"font-size: 15px;color: #8daf02;\" ><\/i><p style=\"font-size: 14px;font-weight: 400;margin-bottom: 25px;\">e enfrentam a emerg\u00eancia clim\u00e1tica global!<\/p><\/div>[vc_column_text css=&#8221;.vc_custom_1689520250609{padding-bottom: 25px !important;}&#8221;]<strong>E na rede de lojas, com\u00e9rcio em geral, servi\u00e7os, restaurantes e bares voc\u00ea ganha 5% de desconto com o Cart\u00e3o de Vantagens!<\/strong>[\/vc_column_text][\/vc_column_inner][\/vc_row_inner][vc_row_inner row_type=&#8221;row&#8221; type=&#8221;full_width&#8221; text_align=&#8221;left&#8221; css_animation=&#8221;&#8221;][vc_column_inner width=&#8221;1\/2&#8243;][vc_column_text]<\/p>\n<h3 class=\"itemTitle\">Meios de hospedagem:<\/h3>\n<ul class=\"star\">\n<li>Aldeia Sete Mares<\/li>\n<li>Amar\u00e9<\/li>\n<li>Bahia das Jangadas<\/li>\n<li>Boca da Pra\u00e7a<\/li>\n<li>Canto Leela<\/li>\n<li>Casa Para\u00edso Verde<\/li>\n<li>Fazenda Juerana Milagrosa<\/li>\n<li>Serra Azul<\/li>\n<li>Vila Cacau<\/li>\n<\/ul>\n<h3 class=\"itemTitle\">Lojas e Com\u00e9rcio em geral:<\/h3>\n<ul class=\"star\">\n<li>Casa do Norte<\/li>\n<li>Renascer Material de Constru\u00e7\u00e3o<\/li>\n<li>Marine<\/li>\n<\/ul>\n<h3 class=\"itemTitle\">Restaurantes &amp; Bares:<\/h3>\n<ul class=\"star\">\n<li>Barra do sargi<\/li>\n<li>Cabana P\u00e9 de Serra<\/li>\n<li>Confraria da Vila<\/li>\n<li>Divino Lanches<\/li>\n<li>Para\u00edso Restaurante<\/li>\n<\/ul>\n<h3 class=\"itemTitle\">Servi\u00e7os especiais:<\/h3>\n<ul class=\"star\">\n<li>Bahlisul Transfer e Passeios<\/li>\n<li>Elo Bike<\/li>\n<li>Makaha Turismo<\/li>\n<li>Parapente Draco Brasil<\/li>\n<li>P\u00e9 de Surf Escola<\/li>\n<\/ul>\n<h3 class=\"itemTitle\">Espa\u00e7os diferenciados:<\/h3>\n<ul class=\"star\">\n<li>Hospedagem do Castelo<\/li>\n<\/ul>\n<p>[\/vc_column_text][\/vc_column_inner][vc_column_inner width=&#8221;1\/2&#8243;][vc_gallery type=&#8221;image_grid&#8221; images=&#8221;162,163,164,165,166,167,168,169&#8243; column_number=&#8221;4&#8243; grayscale=&#8221;no&#8221; images_space=&#8221;gallery_with_space&#8221;]\n\n\t<a href=\"https:\/\/serragrande.net\/\" target=\"_blank\" style=\"color: #ffffff;background-color: #0c7678;font-size: 15px;font-weight: 500;margin: 15px auto\" class=\"qode-btn qode-btn-medium qode-btn-solid qode-btn-custom-hover-bg qode-btn-custom-hover-color qode-btn-default-hover\" data-hover-bg-color=\"#25a857\" data-hover-color=\"#ffffff\" >\n\t    <span class=\"qode-btn-text\">CONHE\u00c7A O DESTINO!<\/span>\t<\/a>\n\n[\/vc_column_inner][\/vc_row_inner][\/vc_column][\/vc_row]<\/p>\n","protected":false},"excerpt":{"rendered":"<p>[vc_row css_animation=&#8221;&#8221; row_type=&#8221;row&#8221; use_row_as_full_screen_section=&#8221;no&#8221; type=&#8221;grid&#8221; angled_section=&#8221;no&#8221; text_align=&#8221;left&#8221; background_image_as_pattern=&#8221;without_pattern&#8221; z_index=&#8221;&#8221;][vc_column][vc_row_inner row_type=&#8221;row&#8221; type=&#8221;full_width&#8221; text_align=&#8221;left&#8221; css_animation=&#8221;&#8221;][vc_column_inner][vc_column_text css=&#8221;.vc_custom_1689521348178{padding-bottom: 30px !important;}&#8221;] Conhe\u00e7a os participantes de Serra Grande que compensam as suas emiss\u00f5es de CO2: [\/vc_column_text][\/vc_column_inner][\/vc_row_inner][vc_row_inner row_type=&#8221;row&#8221; type=&#8221;full_width&#8221; text_align=&#8221;left&#8221; css_animation=&#8221;&#8221; css=&#8221;.vc_custom_1689520722139{padding-bottom: 50px !important;}&#8221;][vc_column_inner][vc_column_text css=&#8221;.vc_custom_1689520250609{padding-bottom: 25px !important;}&#8221;]E na rede de lojas, com\u00e9rcio&#8230;<\/p>\n","protected":false},"author":1,"featured_media":0,"parent":0,"menu_order":2,"comment_status":"closed","ping_status":"closed","template":"","meta":{"footnotes":""},"class_list":["post-31","page","type-page","status-publish","hentry"],"_links":{"self":[{"href":"https:\/\/www.co2legal.org.br\/turismo\/wp-json\/wp\/v2\/pages\/31","targetHints":{"allow":["GET"]}}],"collection":[{"href":"https:\/\/www.co2legal.org.br\/turismo\/wp-json\/wp\/v2\/pages"}],"about":[{"href":"https:\/\/www.co2legal.org.br\/turismo\/wp-json\/wp\/v2\/types\/page"}],"author":[{"embeddable":true,"href":"https:\/\/www.co2legal.org.br\/turismo\/wp-json\/wp\/v2\/users\/1"}],"replies":[{"embeddable":true,"href":"https:\/\/www.co2legal.org.br\/turismo\/wp-json\/wp\/v2\/comments?post=31"}],"version-history":[{"count":5,"href":"https:\/\/www.co2legal.org.br\/turismo\/wp-json\/wp\/v2\/pages\/31\/revisions"}],"predecessor-version":[{"id":358,"href":"https:\/\/www.co2legal.org.br\/turismo\/wp-json\/wp\/v2\/pages\/31\/revisions\/358"}],"wp:attachment":[{"href":"https:\/\/www.co2legal.org.br\/turismo\/wp-json\/wp\/v2\/media?parent=31"}],"curies":[{"name":"wp","href":"https:\/\/api.w.org\/{rel}","templated":true}]}}