{"id":29,"date":"2023-07-09T11:23:42","date_gmt":"2023-07-09T14:23:42","guid":{"rendered":"http:\/\/co2legal.aquinoguia.com.br\/?page_id=29"},"modified":"2024-07-15T15:10:51","modified_gmt":"2024-07-15T18:10:51","slug":"itacare","status":"publish","type":"page","link":"https:\/\/www.co2legal.org.br\/turismo\/itacare\/","title":{"rendered":"Itacar\u00e9"},"content":{"rendered":"<p>[vc_row css_animation=&#8221;&#8221; row_type=&#8221;row&#8221; use_row_as_full_screen_section=&#8221;no&#8221; type=&#8221;grid&#8221; angled_section=&#8221;no&#8221; text_align=&#8221;left&#8221; background_image_as_pattern=&#8221;without_pattern&#8221; z_index=&#8221;&#8221;][vc_column][vc_row_inner row_type=&#8221;row&#8221; type=&#8221;full_width&#8221; text_align=&#8221;left&#8221; css_animation=&#8221;&#8221;][vc_column_inner][vc_column_text css=&#8221;.vc_custom_1689520024947{padding-bottom: 30px !important;}&#8221;]<\/p>\n<h3>Conhe\u00e7a os participantes de Itacar\u00e9 que compensam as suas emiss\u00f5es de CO2:<\/h3>\n<p>[\/vc_column_text][\/vc_column_inner][\/vc_row_inner][vc_row_inner row_type=&#8221;row&#8221; type=&#8221;full_width&#8221; text_align=&#8221;left&#8221; css_animation=&#8221;&#8221; css=&#8221;.vc_custom_1689520722139{padding-bottom: 50px !important;}&#8221;][vc_column_inner]<div class=\"q_icon_list\"><i class=\"qode_icon_font_awesome fa fa-heart qode-ili-icon-holder transparent\" style=\"font-size: 15px;color: #8daf02;\" ><\/i><p style=\"font-size: 14px;font-weight: 400;margin-bottom: 25px;\">promovem a conserva\u00e7\u00e3o e regenera\u00e7\u00e3o ambiental;<\/p><\/div><div class=\"q_icon_list\"><i class=\"qode_icon_font_awesome fa fa-heart qode-ili-icon-holder transparent\" style=\"font-size: 15px;color: #8daf02;\" ><\/i><p style=\"font-size: 14px;font-weight: 400;margin-bottom: 25px;\">fortalecem o desenvolvimento socioecon\u00f4mico e a resili\u00eancia das fam\u00edlias de agricultores tradicionais da \u00c1rea de Prote\u00e7\u00e3o Ambiental Costa de Itacar\u00e9\/Serra Grande;<\/p><\/div><div class=\"q_icon_list\"><i class=\"qode_icon_font_awesome fa fa-heart qode-ili-icon-holder transparent\" style=\"font-size: 15px;color: #8daf02;\" ><\/i><p style=\"font-size: 14px;font-weight: 400;margin-bottom: 25px;\">e enfrentam a emerg\u00eancia clim\u00e1tica global!<\/p><\/div>[vc_column_text css=&#8221;.vc_custom_1689520250609{padding-bottom: 25px !important;}&#8221;]<strong>E na rede de lojas, com\u00e9rcio em geral, servi\u00e7os, restaurantes e bares voc\u00ea ganha 5% de desconto com o Cart\u00e3o de Vantagens!<\/strong>[\/vc_column_text][\/vc_column_inner][\/vc_row_inner][vc_row_inner row_type=&#8221;row&#8221; type=&#8221;full_width&#8221; text_align=&#8221;left&#8221; css_animation=&#8221;&#8221;][vc_column_inner width=&#8221;1\/2&#8243;][vc_column_text]<\/p>\n<h3 class=\"itemTitle\">Meios de hospedagem:<\/h3>\n<ul class=\"star\">\n<li>Encantos da Mata<\/li>\n<li>Ilha Verde<\/li>\n<li>Navio Camping Pop<\/li>\n<li>Portal da Concha<\/li>\n<li>Villas de S\u00e3o Jos\u00e9<\/li>\n<li>Uluwatu<\/li>\n<\/ul>\n<h3>Rede de servi\u00e7os<\/h3>\n<h3 class=\"itemTitle\">Caf\u00e9, Lanches &amp; Cia:<\/h3>\n<ul class=\"star\">\n<li>Armaz\u00e9m do Chocolate<\/li>\n<li>Caf\u00e9 Caramelo<\/li>\n<li>Pastelaria da Vila<\/li>\n<li>P\u00e9ricles Sorveteria<\/li>\n<\/ul>\n<h3 class=\"itemTitle\">Lojas e Com\u00e9rcio em geral:<\/h3>\n<ul class=\"star\">\n<li>Alma N\u00f4made<\/li>\n<li>Algod\u00f5es<\/li>\n<li>Aquarela do Brasil<\/li>\n<li>Armaz\u00e9m Itacar\u00e9<\/li>\n<li>ArtKau<\/li>\n<li>Aurora M\u00edstica<\/li>\n<li>Bazar Girassol<\/li>\n<li>Camisetas &amp; Cia<\/li>\n<li>Com que Roupa<\/li>\n<li>D\u00b4Afrique Joias Artesanais<\/li>\n<li>Dama Damasco<\/li>\n<li>Delicias do Norte<\/li>\n<li>Emp\u00f3rio Bahia<\/li>\n<li>Emp\u00f3rio Fernandes<\/li>\n<li>Evelyn Farm\u00e1cia<\/li>\n<li>Flor do Sol Artesanatos<\/li>\n<li>JL Fashion Moda<\/li>\n<li>J\u00f3 Dos Paus<\/li>\n<li>Marimar Presentes<\/li>\n<li>Mistura Brasileira<\/li>\n<li>Natu Farma<\/li>\n<li>Pet Center<\/li>\n<li>Shanti Eco Loja<\/li>\n<li>The Point do Bon\u00e9<\/li>\n<li>Trend Praia<\/li>\n<\/ul>\n<h3 class=\"itemTitle\">Restaurantes &amp; Bares:<\/h3>\n<ul class=\"star\">\n<li>Cantina d&#8217;It\u00e1lia<\/li>\n<li>Manga Rosa<\/li>\n<li>N\u00fa\u00fah Bistr\u00f4<\/li>\n<li>Ola Bistr\u00f4<\/li>\n<li>Recanto das Artes<\/li>\n<li>Restaurante La Cabana<\/li>\n<li>Tomi Cacha\u00e7aria<\/li>\n<\/ul>\n<h3 class=\"itemTitle\">Servi\u00e7os especiais:<\/h3>\n<ul class=\"star\">\n<li>Bahia Turismo<\/li>\n<li>CliDent Cl\u00ednica Odontol\u00f3gica<\/li>\n<li>Conduru Ecoturismo Arvorismo<\/li>\n<li>Conex\u00e3o Itacar\u00e9 Passeios<\/li>\n<li>Dja Coiffeur Sal\u00e3o de Beleza<\/li>\n<li>Easy Drop Surf School<\/li>\n<li>Exatti Assessoria Profissional e Gest\u00e3o de Condom\u00ednios<\/li>\n<li>Guias Nativos Passeios<\/li>\n<li>Itacar\u00e9 Horizontes Passeios<\/li>\n<li>Lavanderia Puro Brasil<\/li>\n<li>Vip Turismo Experience<\/li>\n<\/ul>\n<h3 class=\"itemTitle\">Espa\u00e7os diferenciados:<\/h3>\n<ul class=\"star\">\n<li>Cachoeira do Tiju\u00edpe<\/li>\n<li>Imobtour<\/li>\n<\/ul>\n<p>[\/vc_column_text][\/vc_column_inner][vc_column_inner width=&#8221;1\/2&#8243;][vc_gallery type=&#8221;image_grid&#8221; images=&#8221;162,163,164,165,166,167,168,169&#8243; column_number=&#8221;4&#8243; grayscale=&#8221;no&#8221; images_space=&#8221;gallery_with_space&#8221;]\n\n\t<a href=\"https:\/\/itacare.com\/\" target=\"_blank\" style=\"color: #ffffff;background-color: #0c7678;font-size: 15px;font-weight: 500;margin: 15px auto\" class=\"qode-btn qode-btn-medium qode-btn-solid qode-btn-custom-hover-bg qode-btn-custom-hover-color qode-btn-default-hover\" data-hover-bg-color=\"#25a857\" data-hover-color=\"#ffffff\" >\n\t    <span class=\"qode-btn-text\">CONHE\u00c7A O DESTINO!<\/span>\t<\/a>\n\n[\/vc_column_inner][\/vc_row_inner][\/vc_column][\/vc_row]<\/p>\n","protected":false},"excerpt":{"rendered":"<p>[vc_row css_animation=&#8221;&#8221; row_type=&#8221;row&#8221; use_row_as_full_screen_section=&#8221;no&#8221; type=&#8221;grid&#8221; angled_section=&#8221;no&#8221; text_align=&#8221;left&#8221; background_image_as_pattern=&#8221;without_pattern&#8221; z_index=&#8221;&#8221;][vc_column][vc_row_inner row_type=&#8221;row&#8221; type=&#8221;full_width&#8221; text_align=&#8221;left&#8221; css_animation=&#8221;&#8221;][vc_column_inner][vc_column_text css=&#8221;.vc_custom_1689520024947{padding-bottom: 30px !important;}&#8221;] Conhe\u00e7a os participantes de Itacar\u00e9 que compensam as suas emiss\u00f5es de CO2: [\/vc_column_text][\/vc_column_inner][\/vc_row_inner][vc_row_inner row_type=&#8221;row&#8221; type=&#8221;full_width&#8221; text_align=&#8221;left&#8221; css_animation=&#8221;&#8221; css=&#8221;.vc_custom_1689520722139{padding-bottom: 50px !important;}&#8221;][vc_column_inner][vc_column_text css=&#8221;.vc_custom_1689520250609{padding-bottom: 25px !important;}&#8221;]E na rede de lojas, com\u00e9rcio em&#8230;<\/p>\n","protected":false},"author":1,"featured_media":0,"parent":0,"menu_order":2,"comment_status":"closed","ping_status":"closed","template":"","meta":{"footnotes":""},"class_list":["post-29","page","type-page","status-publish","hentry"],"_links":{"self":[{"href":"https:\/\/www.co2legal.org.br\/turismo\/wp-json\/wp\/v2\/pages\/29","targetHints":{"allow":["GET"]}}],"collection":[{"href":"https:\/\/www.co2legal.org.br\/turismo\/wp-json\/wp\/v2\/pages"}],"about":[{"href":"https:\/\/www.co2legal.org.br\/turismo\/wp-json\/wp\/v2\/types\/page"}],"author":[{"embeddable":true,"href":"https:\/\/www.co2legal.org.br\/turismo\/wp-json\/wp\/v2\/users\/1"}],"replies":[{"embeddable":true,"href":"https:\/\/www.co2legal.org.br\/turismo\/wp-json\/wp\/v2\/comments?post=29"}],"version-history":[{"count":5,"href":"https:\/\/www.co2legal.org.br\/turismo\/wp-json\/wp\/v2\/pages\/29\/revisions"}],"predecessor-version":[{"id":357,"href":"https:\/\/www.co2legal.org.br\/turismo\/wp-json\/wp\/v2\/pages\/29\/revisions\/357"}],"wp:attachment":[{"href":"https:\/\/www.co2legal.org.br\/turismo\/wp-json\/wp\/v2\/media?parent=29"}],"curies":[{"name":"wp","href":"https:\/\/api.w.org\/{rel}","templated":true}]}}