{"id":207,"date":"2023-07-16T13:29:34","date_gmt":"2023-07-16T16:29:34","guid":{"rendered":"https:\/\/co2legal.aquinoguia.com.br\/?page_id=207"},"modified":"2023-07-16T14:37:17","modified_gmt":"2023-07-16T17:37:17","slug":"como-eu-ganho","status":"publish","type":"page","link":"https:\/\/www.co2legal.org.br\/turismo\/como-eu-ganho\/","title":{"rendered":"Como eu ganho?"},"content":{"rendered":"<p>[vc_row css_animation=&#8221;&#8221; row_type=&#8221;row&#8221; use_row_as_full_screen_section=&#8221;no&#8221; type=&#8221;grid&#8221; angled_section=&#8221;no&#8221; text_align=&#8221;left&#8221; background_image_as_pattern=&#8221;without_pattern&#8221; z_index=&#8221;&#8221;][vc_column][vc_column_text]Para ganhar o\u00a0<strong>Cart\u00e3o de Vantagens<\/strong>, compense a emiss\u00e3o da sua viagem no ato da reserva da sua hospedagem numa pousada participante. O valor \u00fanico de dez Reais ser\u00e1 inclu\u00eddo no valor total do seu pacote. Ao fazer o check-in, solicite o seu cart\u00e3o. Com o cart\u00e3o voc\u00ea obter\u00e1 5% de desconto na rede de com\u00e9rcio e servi\u00e7os parceiros\u00a0<strong>identificados com o selo<\/strong>. Usando o cart\u00e3o, ao final da sua estadia, voc\u00ea recupera o valor da compensa\u00e7\u00e3o da sua viagem! Vantagens para todos!<\/p>\n<p class=\"sp-blocknumber\"><i class=\"icon-heart-empty\"><\/i>\u00a0<strong>Turistas:<\/strong>\u00a0Entrando na rede, contribuindo para a conserva\u00e7\u00e3o da biodiversidade local, apoiando as comunidades tradicionais, enfrentando a emerg\u00eancia clim\u00e1tica global e recebendo descontos nos estabelecimentos que fazem parte da rede.<\/p>\n<p class=\"sp-blocknumber\"><i class=\"icon-heart-empty\"><\/i>\u00a0<strong>Meios de hospedagem:<\/strong>\u00a0Pousadas e Hot\u00e9is que ofertando um servi\u00e7o diferenciado aos seus h\u00f3spedes! Al\u00e9m da vantagem de serem procurados por turistas conscientes, com desejo de interferir positivamente na realidade socioambiental do destino tur\u00edstico.<\/p>\n<p><img decoding=\"async\" class=\"alignright\" src=\"https:\/\/www.co2legal.org.br\/turismo\/images\/cartao_vantagens.jpg\" alt=\"cartao vantagens\" \/><\/p>\n<p class=\"sp-blocknumber\"><i class=\"icon-heart-empty\"><\/i>\u00a0<strong>Estabelecimentos da rede:<\/strong>\u00a0Recebendo e fidelizando novos clientes e turistas que lhes dar\u00e3o prefer\u00eancia para ganharem desconto.<\/p>\n<p class=\"sp-blocknumber\"><i class=\"icon-heart-empty\"><\/i>\u00a0<strong>Fam\u00edlias de agricultores tradicionais locais:<\/strong>\u00a0Quanto mais turistas compensam as emiss\u00f5es das suas viagens, mais agricultores e agricultoras s\u00e3o envolvidos pelo programa e beneficiados com o repasse do PSA-Pagamento Por Servi\u00e7os Ambientais.<\/p>\n<p class=\"sp-blocknumber\"><i class=\"icon-heart-empty\"><\/i>\u00a0<strong>Natureza!<\/strong>\u00a0Quanto mais turistas compensam as emiss\u00f5es das suas viagens, mais \u00e1reas de florestas s\u00e3o protegidas, assegurando a manuten\u00e7\u00e3o da biodiversidade!<\/p>\n<p>[\/vc_column_text][\/vc_column][\/vc_row]<\/p>\n","protected":false},"excerpt":{"rendered":"<p>[vc_row css_animation=&#8221;&#8221; row_type=&#8221;row&#8221; use_row_as_full_screen_section=&#8221;no&#8221; type=&#8221;grid&#8221; angled_section=&#8221;no&#8221; text_align=&#8221;left&#8221; background_image_as_pattern=&#8221;without_pattern&#8221; z_index=&#8221;&#8221;][vc_column][vc_column_text]Para ganhar o\u00a0Cart\u00e3o de Vantagens, compense a emiss\u00e3o da sua viagem no ato da reserva da sua hospedagem numa pousada participante. O valor \u00fanico de dez Reais ser\u00e1 inclu\u00eddo no valor total do seu pacote. Ao fazer&#8230;<\/p>\n","protected":false},"author":1,"featured_media":0,"parent":0,"menu_order":4,"comment_status":"closed","ping_status":"closed","template":"","meta":{"footnotes":""},"class_list":["post-207","page","type-page","status-publish","hentry"],"_links":{"self":[{"href":"https:\/\/www.co2legal.org.br\/turismo\/wp-json\/wp\/v2\/pages\/207","targetHints":{"allow":["GET"]}}],"collection":[{"href":"https:\/\/www.co2legal.org.br\/turismo\/wp-json\/wp\/v2\/pages"}],"about":[{"href":"https:\/\/www.co2legal.org.br\/turismo\/wp-json\/wp\/v2\/types\/page"}],"author":[{"embeddable":true,"href":"https:\/\/www.co2legal.org.br\/turismo\/wp-json\/wp\/v2\/users\/1"}],"replies":[{"embeddable":true,"href":"https:\/\/www.co2legal.org.br\/turismo\/wp-json\/wp\/v2\/comments?post=207"}],"version-history":[{"count":2,"href":"https:\/\/www.co2legal.org.br\/turismo\/wp-json\/wp\/v2\/pages\/207\/revisions"}],"predecessor-version":[{"id":258,"href":"https:\/\/www.co2legal.org.br\/turismo\/wp-json\/wp\/v2\/pages\/207\/revisions\/258"}],"wp:attachment":[{"href":"https:\/\/www.co2legal.org.br\/turismo\/wp-json\/wp\/v2\/media?parent=207"}],"curies":[{"name":"wp","href":"https:\/\/api.w.org\/{rel}","templated":true}]}}