{"id":192,"date":"2023-07-16T13:03:40","date_gmt":"2023-07-16T16:03:40","guid":{"rendered":"https:\/\/co2legal.aquinoguia.com.br\/?page_id=192"},"modified":"2024-07-10T15:51:42","modified_gmt":"2024-07-10T18:51:42","slug":"destinos-guardioes-do-clima","status":"publish","type":"page","link":"https:\/\/www.co2legal.org.br\/turismo\/destinos-guardioes-do-clima\/","title":{"rendered":"Destinos Guardi\u00f5es do Clima"},"content":{"rendered":"<p>[vc_row css_animation=&#8221;&#8221; row_type=&#8221;row&#8221; use_row_as_full_screen_section=&#8221;no&#8221; type=&#8221;grid&#8221; angled_section=&#8221;no&#8221; text_align=&#8221;left&#8221; background_image_as_pattern=&#8221;without_pattern&#8221; z_index=&#8221;&#8221; css=&#8221;.vc_custom_1689523657736{padding-top: 50px !important;padding-bottom: 50px !important;}&#8221;][vc_column][vc_tabs style=&#8221;horizontal&#8221;][vc_tab title=&#8221;Itacar\u00e9&#8221; tab_id=&#8221;eb9a90bb-ff26-2&#8243;][vc_row_inner row_type=&#8221;row&#8221; type=&#8221;full_width&#8221; text_align=&#8221;left&#8221; css_animation=&#8221;&#8221;][vc_column_inner][vc_column_text]<\/p>\n<h3>Conhe\u00e7a os participantes de Itacar\u00e9 que compensam as suas emiss\u00f5es de CO2:<\/h3>\n<div class=\"sp-block\">\n<p><i class=\"icon-heart \"><\/i>\u00a0promovem a conserva\u00e7\u00e3o e regenera\u00e7\u00e3o ambiental;<\/p>\n<p><i class=\"icon-heart \"><\/i>\u00a0fortalecem o desenvolvimento socioecon\u00f4mico e a resili\u00eancia das fam\u00edlias de agricultores tradicionais da \u00c1rea de Prote\u00e7\u00e3o Ambiental Costa de Itacar\u00e9\/Serra Grande;<\/p>\n<p><i class=\"icon-heart \"><\/i>\u00a0e enfrentam a emerg\u00eancia clim\u00e1tica global!<\/p>\n<p><strong>E na rede de lojas, com\u00e9rcio em geral, servi\u00e7os, restaurantes e bares voc\u00ea ganha 5% de desconto com o Cart\u00e3o de Vantagens!<\/strong><\/p>\n<h3 class=\"itemTitle\">*<\/h3>\n<\/div>\n<h3>Rede de servi\u00e7os<\/h3>\n<h3 class=\"itemTitle\">Caf\u00e9, Lanches &amp; Cia:<\/h3>\n<ul class=\"star\">\n<li>Armaz\u00e9m do Chocolate<\/li>\n<li>Caf\u00e9 Caramelo<\/li>\n<li>Pastelaria da Vila<\/li>\n<\/ul>\n<h3 class=\"itemTitle\">Lojas e Com\u00e9rcio em geral:<\/h3>\n<ul class=\"star\">\n<li>Alma N\u00f4made<\/li>\n<li>Algod\u00f5es<\/li>\n<li>Aquarela do Brasil<\/li>\n<li>Armaz\u00e9m Itacar\u00e9<\/li>\n<li>ArtKau<\/li>\n<li>Aurora M\u00edstica<\/li>\n<li>Bazar Girassol<\/li>\n<li>Camisetas &amp; Cia<\/li>\n<li>Com que Roupa<\/li>\n<li>D\u00b4Afrique Joias Artesanais<\/li>\n<li>Dama Damasco<\/li>\n<li>Delicias do Norte<\/li>\n<li>Emp\u00f3rio Bahia<\/li>\n<li>Emp\u00f3rio Fernandes<\/li>\n<li>Evelyn Farm\u00e1cia<\/li>\n<li>Flor do Sol Artesanatos<\/li>\n<li>JL Fashion Moda<\/li>\n<li>J\u00f3 Dos Paus<\/li>\n<li>Marimar Presentes<\/li>\n<li>Mistura Brasileira<\/li>\n<li>Natu Farma<\/li>\n<li>Pet Center<\/li>\n<li>Shanti Eco Loja<\/li>\n<li>Sete Cores<\/li>\n<li>The Point do Bon\u00e9<\/li>\n<li>Trend Praia<\/li>\n<\/ul>\n<h3 class=\"itemTitle\">Restaurantes &amp; Bares:<\/h3>\n<ul class=\"star\">\n<li>Cantina d&#8217;It\u00e1lia<\/li>\n<li>Manga Rosa<\/li>\n<li>N\u00fa\u00fah Bistr\u00f4<\/li>\n<li>Ola Bistr\u00f4<\/li>\n<li>Recanto das Artes<\/li>\n<li>Restaurante La Cabana<\/li>\n<li>Tomi Cacha\u00e7aria<\/li>\n<\/ul>\n<h3 class=\"itemTitle\">Servi\u00e7os especiais:<\/h3>\n<ul class=\"star\">\n<li>Bahia Turismo<\/li>\n<li>CliDent Cl\u00ednica Odontol\u00f3gica<\/li>\n<li>Conduru Ecoturismo Arvorismo<\/li>\n<li>Conex\u00e3o Itacar\u00e9 Passeios<\/li>\n<li>Dja Coiffeur Sal\u00e3o de Beleza<\/li>\n<li>Easy Drop Surf School<\/li>\n<li>Exatti Assessoria Profissional e Gest\u00e3o de Condom\u00ednios<\/li>\n<li>Guias Nativos Passeios<\/li>\n<li>Itacar\u00e9 Horizontes Passeios<\/li>\n<li>Vip Turismo Experience<\/li>\n<\/ul>\n<h3 class=\"itemTitle\">Espa\u00e7os diferenciados:<\/h3>\n<ul class=\"star\">\n<li>Cachoeira do Tiju\u00edpe<\/li>\n<li>Imobtour<\/li>\n<\/ul>\n<p>[\/vc_column_text][\/vc_column_inner][\/vc_row_inner][\/vc_tab][vc_tab title=&#8221;Serra Grande&#8221; tab_id=&#8221;4c618bf9-9fe4-7&#8243;][vc_row_inner row_type=&#8221;row&#8221; type=&#8221;full_width&#8221; text_align=&#8221;left&#8221; css_animation=&#8221;&#8221;][vc_column_inner][vc_column_text]<\/p>\n<h3>Conhe\u00e7a os participantes de Serra Grande que compensam as suas emiss\u00f5es de CO2:<\/h3>\n<div class=\"sp-block\">\n<p><i class=\"icon-heart \"><\/i>\u00a0promovem a conserva\u00e7\u00e3o e regenera\u00e7\u00e3o ambiental;<\/p>\n<p><i class=\"icon-heart \"><\/i>\u00a0fortalecem o desenvolvimento socioecon\u00f4mico e a resili\u00eancia das fam\u00edlias de agricultores tradicionais da \u00c1rea de Prote\u00e7\u00e3o Ambiental Costa de Itacar\u00e9\/Serra Grande;<\/p>\n<p><i class=\"icon-heart \"><\/i>\u00a0e enfrentam a emerg\u00eancia clim\u00e1tica global!<\/p>\n<p><strong>E na rede de lojas, com\u00e9rcio em geral, servi\u00e7os, restaurantes e bares voc\u00ea ganha 5% de desconto com o Cart\u00e3o de Vantagens!<\/strong><\/p>\n<\/div>\n<p>&nbsp;<\/p>\n<h3 class=\"itemTitle\">Meios de hospedagem:<\/h3>\n<ul class=\"star\">\n<li>Aldeia Sete Mares<\/li>\n<li>Amar\u00e9<\/li>\n<li>Bahia das Jangadas<\/li>\n<li>Boca da Pra\u00e7a<\/li>\n<li>Canto Leela<\/li>\n<li>Casa Para\u00edso Verde<\/li>\n<li>Fazenda Juerana Milagrosa<\/li>\n<li>Serra Azul<\/li>\n<li>Vila Cacau<\/li>\n<\/ul>\n<h3 class=\"itemTitle\">Lojas e Com\u00e9rcio em geral:<\/h3>\n<ul class=\"star\">\n<li>Casa do Norte<\/li>\n<li>Renascer Material de Constru\u00e7\u00e3o<\/li>\n<li>Marine<\/li>\n<\/ul>\n<h3 class=\"itemTitle\">Restaurantes &amp; Bares:<\/h3>\n<ul class=\"star\">\n<li>Barra do sargi<\/li>\n<li>Cabana P\u00e9 de Serra<\/li>\n<li>Confraria da Vila<\/li>\n<li>Divino Lanches<\/li>\n<li>Para\u00edso Restaurante<\/li>\n<\/ul>\n<h3 class=\"itemTitle\">Servi\u00e7os especiais:<\/h3>\n<ul class=\"star\">\n<li>Bahlisul Transfer e Passeios<\/li>\n<li>Elo Bike<\/li>\n<li>Makaha Turismo<\/li>\n<li>Parapente Draco Brasil<\/li>\n<li>P\u00e9 de Surf Escola<\/li>\n<\/ul>\n<h3 class=\"itemTitle\">Espa\u00e7os diferenciados:<\/h3>\n<ul class=\"star\">\n<li>Castelo das Flores<\/li>\n<\/ul>\n<p>[\/vc_column_text][\/vc_column_inner][\/vc_row_inner][\/vc_tab][vc_tab title=&#8221;Pen\u00ednsula de Mara\u00fa&#8221; tab_id=&#8221;1689523602668-2-10&#8243;][vc_row_inner row_type=&#8221;row&#8221; type=&#8221;full_width&#8221; text_align=&#8221;left&#8221; css_animation=&#8221;&#8221;][vc_column_inner][vc_column_text]<\/p>\n<h3>Conhe\u00e7a os participantes da Pen\u00ednsula de Mara\u00fa que compensam as suas emiss\u00f5es de CO2:<\/h3>\n<div class=\"sp-block\">\n<p><i class=\"icon-heart \"><\/i>\u00a0promovem a conserva\u00e7\u00e3o e regenera\u00e7\u00e3o ambiental;<\/p>\n<p><i class=\"icon-heart \"><\/i>\u00a0fortalecem o desenvolvimento socioecon\u00f4mico e a resili\u00eancia das comunidades tradicionais;<\/p>\n<p><i class=\"icon-heart \"><\/i>\u00a0e enfrentam a emerg\u00eancia clim\u00e1tica global!<\/p>\n<\/div>\n<p>&nbsp;<\/p>\n<h3 class=\"itemTitle\">Meios de hospedagem:<\/h3>\n<ul class=\"star\">\n<li>Am\u00e9rica Unida Guesthouse<\/li>\n<li>Apoema su\u00edtes e flat<\/li>\n<li>Campping dos Guerreiros<\/li>\n<li>Casa Capim Lim\u00e3o<\/li>\n<li>Casa de Paceli<\/li>\n<li>Casa de Paula<\/li>\n<li>Casa dos Arandis<\/li>\n<li>Casa Praia Pousada<\/li>\n<li>Centro hol\u00edstico Inkiri &#8211; Piracanga<\/li>\n<li>Ganga Zumba Hostel<\/li>\n<li>Hospedaria Casar\u00e3o<\/li>\n<li>L\u00e1 em Casa Bar &amp; Guest House<\/li>\n<li>Loft da Vila<\/li>\n<li>Morada das Palmeiras<\/li>\n<li>Na Vila dos Algod\u00f5es<\/li>\n<li>Pousada A Flora<\/li>\n<li>Pousada Balid\u00eande<\/li>\n<li>Pousada Canto do Sol<\/li>\n<li>Pousada das Roseiras<\/li>\n<li>Pousada e Restaurante da Barra<\/li>\n<li>Pousada Flat Barra<\/li>\n<li>Pousada Fruta P\u00e3o<\/li>\n<li>Pousada Litoral Maia<\/li>\n<li>Pousada Mahat<\/li>\n<li>Pousada Mara\u00fa<\/li>\n<li>Pousada Mar\u00e9 Alta<\/li>\n<li>Pousada Marisol<\/li>\n<li>Pousada Mediterr\u00e2neo<\/li>\n<li>Pousada P\u00e9 na Areia<\/li>\n<li>Pousada Umbudend\u00ea<\/li>\n<li>Pousada Villa Mares<\/li>\n<li>Roots Hostel<\/li>\n<li>SUP House Barra Grande<\/li>\n<li>Tent beach Suites<\/li>\n<li>Vila Cayana<\/li>\n<li>Vila do Pescador<\/li>\n<li>Villa Cayana<\/li>\n<li>Villa Hawaii<\/li>\n<\/ul>\n<p>[\/vc_column_text][\/vc_column_inner][\/vc_row_inner][\/vc_tab][\/vc_tabs][\/vc_column][\/vc_row]<\/p>\n","protected":false},"excerpt":{"rendered":"<p>[vc_row css_animation=&#8221;&#8221; row_type=&#8221;row&#8221; use_row_as_full_screen_section=&#8221;no&#8221; type=&#8221;grid&#8221; angled_section=&#8221;no&#8221; text_align=&#8221;left&#8221; background_image_as_pattern=&#8221;without_pattern&#8221; z_index=&#8221;&#8221; css=&#8221;.vc_custom_1689523657736{padding-top: 50px !important;padding-bottom: 50px !important;}&#8221;][vc_column][vc_tabs style=&#8221;horizontal&#8221;][vc_tab title=&#8221;Itacar\u00e9&#8221; tab_id=&#8221;eb9a90bb-ff26-2&#8243;][vc_row_inner row_type=&#8221;row&#8221; type=&#8221;full_width&#8221; text_align=&#8221;left&#8221; css_animation=&#8221;&#8221;][vc_column_inner][vc_column_text] Conhe\u00e7a os participantes de Itacar\u00e9 que compensam as suas emiss\u00f5es de CO2: \u00a0promovem a conserva\u00e7\u00e3o e regenera\u00e7\u00e3o ambiental; \u00a0fortalecem o desenvolvimento socioecon\u00f4mico e a&#8230;<\/p>\n","protected":false},"author":1,"featured_media":0,"parent":0,"menu_order":4,"comment_status":"closed","ping_status":"closed","template":"","meta":{"footnotes":""},"class_list":["post-192","page","type-page","status-publish","hentry"],"_links":{"self":[{"href":"https:\/\/www.co2legal.org.br\/turismo\/wp-json\/wp\/v2\/pages\/192","targetHints":{"allow":["GET"]}}],"collection":[{"href":"https:\/\/www.co2legal.org.br\/turismo\/wp-json\/wp\/v2\/pages"}],"about":[{"href":"https:\/\/www.co2legal.org.br\/turismo\/wp-json\/wp\/v2\/types\/page"}],"author":[{"embeddable":true,"href":"https:\/\/www.co2legal.org.br\/turismo\/wp-json\/wp\/v2\/users\/1"}],"replies":[{"embeddable":true,"href":"https:\/\/www.co2legal.org.br\/turismo\/wp-json\/wp\/v2\/comments?post=192"}],"version-history":[{"count":8,"href":"https:\/\/www.co2legal.org.br\/turismo\/wp-json\/wp\/v2\/pages\/192\/revisions"}],"predecessor-version":[{"id":352,"href":"https:\/\/www.co2legal.org.br\/turismo\/wp-json\/wp\/v2\/pages\/192\/revisions\/352"}],"wp:attachment":[{"href":"https:\/\/www.co2legal.org.br\/turismo\/wp-json\/wp\/v2\/media?parent=192"}],"curies":[{"name":"wp","href":"https:\/\/api.w.org\/{rel}","templated":true}]}}